{"id":119,"date":"2026-04-07T09:18:59","date_gmt":"2026-04-07T07:18:59","guid":{"rendered":"https:\/\/www.rechtsanwalt-kirchdorf.at\/?page_id=119"},"modified":"2026-04-07T09:19:01","modified_gmt":"2026-04-07T07:19:01","slug":"dr-erich-bernoegger","status":"publish","type":"page","link":"https:\/\/www.rechtsanwalt-kirchdorf.at\/?page_id=119","title":{"rendered":"Dr. Erich Bern\u00f6gger"},"content":{"rendered":"\n<figure class=\"wp-block-image size-large is-resized\"><img loading=\"lazy\" decoding=\"async\" width=\"324\" height=\"448\" src=\"https:\/\/www.rechtsanwalt-kirchdorf.at\/wp-content\/uploads\/2020\/05\/hrb.jpg\" alt=\"Ein Bild von Dr. Erich Bern\u00f6gger\" class=\"wp-image-37\" style=\"aspect-ratio:0.723204631857975;width:340px;height:auto\" srcset=\"https:\/\/www.rechtsanwalt-kirchdorf.at\/wp-content\/uploads\/2020\/05\/hrb.jpg 324w, https:\/\/www.rechtsanwalt-kirchdorf.at\/wp-content\/uploads\/2020\/05\/hrb-217x300.jpg 217w\" sizes=\"auto, (max-width: 324px) 100vw, 324px\" \/><\/figure>\n\n\n\n<ul class=\"wp-block-list\">\n<li>Geboren 1961<\/li>\n\n\n\n<li>Volksschule Molln<\/li>\n\n\n\n<li>Gymnasium in Kirchdorf an der Krems<\/li>\n\n\n\n<li>Studium der Rechtswissenschaften an der Johannes Kepler Universit\u00e4t in Linz<\/li>\n\n\n\n<li>Gerichtspraxis beim Bezirksgericht Windischgarsten und Landesgericht Linz<\/li>\n\n\n\n<li>Konzipientent\u00e4tigkeit in Liezen, Steiermark<\/li>\n\n\n\n<li>1990 Ablegung der Rechtsanwaltspr\u00fcfung beim Oberlandesgericht Graz<\/li>\n\n\n\n<li>seit September 1990 selbst\u00e4ndiger Rechtsanwalt in Windischgarsten<\/li>\n\n\n\n<li>2007 Gr\u00fcndung einer Kanzleigemeinschaft mit Herrn Rechtsanwalt Dr. Hubert Just<\/li>\n\n\n\n<li>Dr. Erich Bern\u00f6gger \u00fcbernimmt ab 1.9.2015 die Rechtsanwaltskanzlei<\/li>\n<\/ul>\n\n\n\n<p>Dr. Erich Bern\u00f6gger ist Mitglied der Treuhandrevision der O\u00d6 Rechtsanwaltskammer und Mitglied der O\u00d6 juristischen Gesellschaft.<\/p>\n\n\n\n<p>Dr. Bern\u00f6gger ist auch f\u00fcr die Alpin-Hotline im Rahmen des Notfallsteams f\u00fcr Alpenverein, Naturfreunde \u00d6sterreich und Bergf\u00fchrerverband t\u00e4tig und \u00fcbt eine Vortragst\u00e4tigkeit im Bereich Alpinrecht und Seerecht aus.<\/p>\n\n\n\n<p>Hobbies: Bergsteigen, Schitouren, Hochseesegeln <br>Mitglied im Skipperklub Ober\u00f6stererich<br>Mitglied im Yacht Club Austria<\/p>\n\n\n\n<p><\/p>\n","protected":false},"excerpt":{"rendered":"<p>Dr. Erich Bern\u00f6gger ist Mitglied der Treuhandrevision der O\u00d6 Rechtsanwaltskammer und Mitglied der O\u00d6 juristischen Gesellschaft. Dr. Bern\u00f6gger ist auch f\u00fcr die Alpin-Hotline im Rahmen des Notfallsteams f\u00fcr Alpenverein, Naturfreunde \u00d6sterreich und Bergf\u00fchrerverband t\u00e4tig und \u00fcbt eine Vortragst\u00e4tigkeit im Bereich Alpinrecht und Seerecht aus. Hobbies: Bergsteigen, Schitouren, Hochseesegeln Mitglied im Skipperklub Ober\u00f6stererichMitglied im Yacht Club [&hellip;]<\/p>\n","protected":false},"author":1,"featured_media":0,"parent":32,"menu_order":0,"comment_status":"closed","ping_status":"closed","template":"","meta":{"footnotes":""},"class_list":["post-119","page","type-page","status-publish","hentry","missing-thumbnail"],"yoast_head":"<!-- This site is optimized with the Yoast SEO plugin v20.6 - https:\/\/yoast.com\/wordpress\/plugins\/seo\/ -->\n<title>Dr. Erich Bern\u00f6gger - Kanzlei Dr. Erich Bern\u00f6gger<\/title>\n<meta name=\"robots\" content=\"index, follow, max-snippet:-1, max-image-preview:large, max-video-preview:-1\" \/>\n<link rel=\"canonical\" href=\"https:\/\/www.rechtsanwalt-kirchdorf.at\/?page_id=119\" \/>\n<meta property=\"og:locale\" content=\"de_DE\" \/>\n<meta property=\"og:type\" content=\"article\" \/>\n<meta property=\"og:title\" content=\"Dr. Erich Bern\u00f6gger - Kanzlei Dr. Erich Bern\u00f6gger\" \/>\n<meta property=\"og:description\" content=\"Dr. Erich Bern\u00f6gger ist Mitglied der Treuhandrevision der O\u00d6 Rechtsanwaltskammer und Mitglied der O\u00d6 juristischen Gesellschaft. Dr. Bern\u00f6gger ist auch f\u00fcr die Alpin-Hotline im Rahmen des Notfallsteams f\u00fcr Alpenverein, Naturfreunde \u00d6sterreich und Bergf\u00fchrerverband t\u00e4tig und \u00fcbt eine Vortragst\u00e4tigkeit im Bereich Alpinrecht und Seerecht aus. Hobbies: Bergsteigen, Schitouren, Hochseesegeln Mitglied im Skipperklub Ober\u00f6stererichMitglied im Yacht Club [&hellip;]\" \/>\n<meta property=\"og:url\" content=\"https:\/\/www.rechtsanwalt-kirchdorf.at\/?page_id=119\" \/>\n<meta property=\"og:site_name\" content=\"Kanzlei Dr. Erich Bern\u00f6gger\" \/>\n<meta property=\"article:modified_time\" content=\"2026-04-07T07:19:01+00:00\" \/>\n<meta property=\"og:image\" content=\"https:\/\/www.rechtsanwalt-kirchdorf.at\/wp-content\/uploads\/2020\/05\/hrb.jpg\" \/>\n<meta name=\"twitter:card\" content=\"summary_large_image\" \/>\n<script type=\"application\/ld+json\" class=\"yoast-schema-graph\">{\"@context\":\"https:\/\/schema.org\",\"@graph\":[{\"@type\":\"WebPage\",\"@id\":\"https:\/\/www.rechtsanwalt-kirchdorf.at\/?page_id=119\",\"url\":\"https:\/\/www.rechtsanwalt-kirchdorf.at\/?page_id=119\",\"name\":\"Dr. Erich Bern\u00f6gger - Kanzlei Dr. Erich Bern\u00f6gger\",\"isPartOf\":{\"@id\":\"https:\/\/www.rechtsanwalt-kirchdorf.at\/#website\"},\"datePublished\":\"2026-04-07T07:18:59+00:00\",\"dateModified\":\"2026-04-07T07:19:01+00:00\",\"breadcrumb\":{\"@id\":\"https:\/\/www.rechtsanwalt-kirchdorf.at\/?page_id=119#breadcrumb\"},\"inLanguage\":\"de\",\"potentialAction\":[{\"@type\":\"ReadAction\",\"target\":[\"https:\/\/www.rechtsanwalt-kirchdorf.at\/?page_id=119\"]}]},{\"@type\":\"BreadcrumbList\",\"@id\":\"https:\/\/www.rechtsanwalt-kirchdorf.at\/?page_id=119#breadcrumb\",\"itemListElement\":[{\"@type\":\"ListItem\",\"position\":1,\"name\":\"Startseite\",\"item\":\"https:\/\/www.rechtsanwalt-kirchdorf.at\/\"},{\"@type\":\"ListItem\",\"position\":2,\"name\":\"Team\",\"item\":\"https:\/\/www.rechtsanwalt-kirchdorf.at\/\"},{\"@type\":\"ListItem\",\"position\":3,\"name\":\"Dr. Erich Bern\u00f6gger\"}]},{\"@type\":\"WebSite\",\"@id\":\"https:\/\/www.rechtsanwalt-kirchdorf.at\/#website\",\"url\":\"https:\/\/www.rechtsanwalt-kirchdorf.at\/\",\"name\":\"Kanzlei Dr. Erich Bern\u00f6gger\",\"description\":\"Rechtsanwalt in Kirchdorf\",\"potentialAction\":[{\"@type\":\"SearchAction\",\"target\":{\"@type\":\"EntryPoint\",\"urlTemplate\":\"https:\/\/www.rechtsanwalt-kirchdorf.at\/?s={search_term_string}\"},\"query-input\":\"required name=search_term_string\"}],\"inLanguage\":\"de\"}]}<\/script>\n<!-- \/ Yoast SEO plugin. -->","yoast_head_json":{"title":"Dr. Erich Bern\u00f6gger - Kanzlei Dr. Erich Bern\u00f6gger","robots":{"index":"index","follow":"follow","max-snippet":"max-snippet:-1","max-image-preview":"max-image-preview:large","max-video-preview":"max-video-preview:-1"},"canonical":"https:\/\/www.rechtsanwalt-kirchdorf.at\/?page_id=119","og_locale":"de_DE","og_type":"article","og_title":"Dr. Erich Bern\u00f6gger - Kanzlei Dr. Erich Bern\u00f6gger","og_description":"Dr. Erich Bern\u00f6gger ist Mitglied der Treuhandrevision der O\u00d6 Rechtsanwaltskammer und Mitglied der O\u00d6 juristischen Gesellschaft. Dr. Bern\u00f6gger ist auch f\u00fcr die Alpin-Hotline im Rahmen des Notfallsteams f\u00fcr Alpenverein, Naturfreunde \u00d6sterreich und Bergf\u00fchrerverband t\u00e4tig und \u00fcbt eine Vortragst\u00e4tigkeit im Bereich Alpinrecht und Seerecht aus. Hobbies: Bergsteigen, Schitouren, Hochseesegeln Mitglied im Skipperklub Ober\u00f6stererichMitglied im Yacht Club [&hellip;]","og_url":"https:\/\/www.rechtsanwalt-kirchdorf.at\/?page_id=119","og_site_name":"Kanzlei Dr. Erich Bern\u00f6gger","article_modified_time":"2026-04-07T07:19:01+00:00","og_image":[{"url":"https:\/\/www.rechtsanwalt-kirchdorf.at\/wp-content\/uploads\/2020\/05\/hrb.jpg"}],"twitter_card":"summary_large_image","schema":{"@context":"https:\/\/schema.org","@graph":[{"@type":"WebPage","@id":"https:\/\/www.rechtsanwalt-kirchdorf.at\/?page_id=119","url":"https:\/\/www.rechtsanwalt-kirchdorf.at\/?page_id=119","name":"Dr. Erich Bern\u00f6gger - Kanzlei Dr. Erich Bern\u00f6gger","isPartOf":{"@id":"https:\/\/www.rechtsanwalt-kirchdorf.at\/#website"},"datePublished":"2026-04-07T07:18:59+00:00","dateModified":"2026-04-07T07:19:01+00:00","breadcrumb":{"@id":"https:\/\/www.rechtsanwalt-kirchdorf.at\/?page_id=119#breadcrumb"},"inLanguage":"de","potentialAction":[{"@type":"ReadAction","target":["https:\/\/www.rechtsanwalt-kirchdorf.at\/?page_id=119"]}]},{"@type":"BreadcrumbList","@id":"https:\/\/www.rechtsanwalt-kirchdorf.at\/?page_id=119#breadcrumb","itemListElement":[{"@type":"ListItem","position":1,"name":"Startseite","item":"https:\/\/www.rechtsanwalt-kirchdorf.at\/"},{"@type":"ListItem","position":2,"name":"Team","item":"https:\/\/www.rechtsanwalt-kirchdorf.at\/"},{"@type":"ListItem","position":3,"name":"Dr. Erich Bern\u00f6gger"}]},{"@type":"WebSite","@id":"https:\/\/www.rechtsanwalt-kirchdorf.at\/#website","url":"https:\/\/www.rechtsanwalt-kirchdorf.at\/","name":"Kanzlei Dr. Erich Bern\u00f6gger","description":"Rechtsanwalt in Kirchdorf","potentialAction":[{"@type":"SearchAction","target":{"@type":"EntryPoint","urlTemplate":"https:\/\/www.rechtsanwalt-kirchdorf.at\/?s={search_term_string}"},"query-input":"required name=search_term_string"}],"inLanguage":"de"}]}},"_links":{"self":[{"href":"https:\/\/www.rechtsanwalt-kirchdorf.at\/index.php?rest_route=\/wp\/v2\/pages\/119","targetHints":{"allow":["GET"]}}],"collection":[{"href":"https:\/\/www.rechtsanwalt-kirchdorf.at\/index.php?rest_route=\/wp\/v2\/pages"}],"about":[{"href":"https:\/\/www.rechtsanwalt-kirchdorf.at\/index.php?rest_route=\/wp\/v2\/types\/page"}],"author":[{"embeddable":true,"href":"https:\/\/www.rechtsanwalt-kirchdorf.at\/index.php?rest_route=\/wp\/v2\/users\/1"}],"replies":[{"embeddable":true,"href":"https:\/\/www.rechtsanwalt-kirchdorf.at\/index.php?rest_route=%2Fwp%2Fv2%2Fcomments&post=119"}],"version-history":[{"count":1,"href":"https:\/\/www.rechtsanwalt-kirchdorf.at\/index.php?rest_route=\/wp\/v2\/pages\/119\/revisions"}],"predecessor-version":[{"id":120,"href":"https:\/\/www.rechtsanwalt-kirchdorf.at\/index.php?rest_route=\/wp\/v2\/pages\/119\/revisions\/120"}],"up":[{"embeddable":true,"href":"https:\/\/www.rechtsanwalt-kirchdorf.at\/index.php?rest_route=\/wp\/v2\/pages\/32"}],"wp:attachment":[{"href":"https:\/\/www.rechtsanwalt-kirchdorf.at\/index.php?rest_route=%2Fwp%2Fv2%2Fmedia&parent=119"}],"curies":[{"name":"wp","href":"https:\/\/api.w.org\/{rel}","templated":true}]}}