{"id":121,"date":"2026-04-07T09:18:09","date_gmt":"2026-04-07T07:18:09","guid":{"rendered":"https:\/\/www.rechtsanwalt-kirchdorf.at\/?page_id=121"},"modified":"2026-04-07T11:48:59","modified_gmt":"2026-04-07T09:48:59","slug":"mag-bernd-foettinger-2","status":"publish","type":"page","link":"https:\/\/www.rechtsanwalt-kirchdorf.at\/?page_id=121","title":{"rendered":"Mag. Bernd F\u00f6ttinger"},"content":{"rendered":"\n<div class=\"wp-block-group\"><div class=\"wp-block-group__inner-container is-layout-constrained wp-block-group-is-layout-constrained\">\n<p>Rechtsanwaltsanw\u00e4rter<\/p>\n\n\n\n<figure class=\"wp-block-image size-large is-resized\"><img loading=\"lazy\" decoding=\"async\" width=\"758\" height=\"1024\" src=\"https:\/\/www.rechtsanwalt-kirchdorf.at\/wp-content\/uploads\/2026\/04\/unnamed-758x1024.jpg\" alt=\"\" class=\"wp-image-113\" style=\"aspect-ratio:0.7402511566424322;width:340px;height:auto\" srcset=\"https:\/\/www.rechtsanwalt-kirchdorf.at\/wp-content\/uploads\/2026\/04\/unnamed-758x1024.jpg 758w, https:\/\/www.rechtsanwalt-kirchdorf.at\/wp-content\/uploads\/2026\/04\/unnamed-222x300.jpg 222w, https:\/\/www.rechtsanwalt-kirchdorf.at\/wp-content\/uploads\/2026\/04\/unnamed-768x1038.jpg 768w, https:\/\/www.rechtsanwalt-kirchdorf.at\/wp-content\/uploads\/2026\/04\/unnamed-1136x1536.jpg 1136w, https:\/\/www.rechtsanwalt-kirchdorf.at\/wp-content\/uploads\/2026\/04\/unnamed-1515x2048.jpg 1515w, https:\/\/www.rechtsanwalt-kirchdorf.at\/wp-content\/uploads\/2026\/04\/unnamed-1200x1622.jpg 1200w, https:\/\/www.rechtsanwalt-kirchdorf.at\/wp-content\/uploads\/2026\/04\/unnamed-600x811.jpg 600w, https:\/\/www.rechtsanwalt-kirchdorf.at\/wp-content\/uploads\/2026\/04\/unnamed-scaled.jpg 1894w\" sizes=\"auto, (max-width: 758px) 100vw, 758px\" \/><\/figure>\n<\/div><\/div>\n\n\n\n<ul style=\"font-style:normal;font-weight:100\" class=\"wp-block-list has-small-font-size\">\n<li>2003 &#8211; 2007: Stiftsgymnasium Schlierbach<\/li>\n\n\n\n<li>2007 &#8211; 2012: HTL Steyr<\/li>\n\n\n\n<li>2012 &#8211; 2014: Einj\u00e4hrig-Freiwillig-Kurs (EFK) beim \u00d6sterreichischen Bundesheer\n<ul class=\"wp-block-list\">\n<li>2013 Ausmusterung als Unteroffizier<\/li>\n\n\n\n<li>2013- 2014: Lehrunteroffizier in der LKp Freistadt<\/li>\n<\/ul>\n<\/li>\n\n\n\n<li>2014 &#8211; 2023: Polizist bei der LPD Wien\n<ul class=\"wp-block-list\">\n<li>2014 &#8211; 2020: Streifenpolizist Polizeiinspektion Karlsplatz\n<ul class=\"wp-block-list\">\n<li>2018: Parallele Verwendung bei der Bereitschaftseinheit Wien<\/li>\n\n\n\n<li>2018 &#8211; 2020: Parallele Verwendung als Fahrradpolizist<\/li>\n<\/ul>\n<\/li>\n\n\n\n<li>2020 &#8211; 2023: Spurensicherung beim Landeskriminalamt Wien\n<ul class=\"wp-block-list\">\n<li>2022- 2023: Mitglied beim Disaster Victim Identifikation Team Wien<\/li>\n<\/ul>\n<\/li>\n<\/ul>\n<\/li>\n\n\n\n<li>2017 &#8211; 2022: Studium der Rechtswissenschaften an der JKU in Linz<\/li>\n\n\n\n<li>09\/2023 &#8211; 04\/2024: Gerichtspraxis beim BG Kirchdorf an der Krems und LG Steyr<\/li>\n\n\n\n<li>12\/2023 &#8211; 04\/2024: Parallele T\u00e4tigkeit in der Rechtsanwaltskanzlei Dr. Erich Bern\u00f6gger<\/li>\n\n\n\n<li>Seit 04\/2024: Rechtsanwaltsanw\u00e4rter bei Dr. Erich Bern\u00f6gger<\/li>\n\n\n\n<li>Seit 05\/2024: Parallele T\u00e4tigkeit bei der UVK Waghubinger GmbH (Versicherungsmakler) und AssCompact GmbH  (Versicherungszeitschrift) als Jurist<\/li>\n<\/ul>\n\n\n\n<h3 class=\"wp-block-heading\">Publikationen<\/h3>\n\n\n\n<ul class=\"wp-block-list\">\n<li>\u00d6sterreichisches Anwaltsblatt, Reichweite des \u00a7 196a StPO: Kostenersatz bei Verteidigung durch gerichtlichen Erwachsenenvertreter (<em>F\u00f6ttinger<\/em>, OLG Linz 10 Bs 241\/25z), S 128<\/li>\n\n\n\n<li><a href=\"https:\/\/www.meinbezirk.at\/kirchdorf\/c-motor\/e-scooter-praktisch-aber-auch-riskant_a7148754\">E-Scooter: praktisch, aber auch riskant<\/a><\/li>\n\n\n\n<li>Diverse Artikel im Versicherungsrecht bei der AssCompact GmbH\n<ul class=\"wp-block-list\">\n<li><a href=\"https:\/\/r.mail.asscompact.at\/mk\/cl\/f\/sh\/1t6Af4OiGsDg0cDnHiBSoSGgmceef4\/QDMyHn7rN1fm\" target=\"_blank\" rel=\"noreferrer noopener\">Rechtsschutzversicherung: Anteilige Deckungspflicht trotz Kostenhaftung im Erbrechtsstreit<\/a><\/li>\n\n\n\n<li><a href=\"https:\/\/r.mail.asscompact.at\/mk\/cl\/f\/sh\/1t6Af4OiGsDg0cDnHiBSoSGgmceef4\/5B3adabPl8LU\" target=\"_blank\" rel=\"noreferrer noopener\">Krankenversicherung: Risikoausschluss f\u00fcr Geschlechtsumwandlungen ist diskriminierend<\/a><\/li>\n\n\n\n<li><a href=\"https:\/\/r.mail.asscompact.at\/mk\/cl\/f\/sh\/1t6Af4OiGsDg0cDnHiBSoSGgmceef4\/MionK3WNkS5Q\" target=\"_blank\" rel=\"noreferrer noopener\">Kaskoversicherung: Grobe Fahrl\u00e4ssigkeit bei bewusster Herbeif\u00fchrung des Haftungsgrenzbereichs<\/a><\/li>\n\n\n\n<li><a href=\"https:\/\/r.mail.asscompact.at\/mk\/cl\/f\/sh\/1t6Af4OiGsDg0cDnHiBSoSGgmceef4\/XXIv3r_9rLAb\" target=\"_blank\" rel=\"noreferrer noopener\">E-Scooter-Unfall: Kein Schutz durch gesetzliche Unfallversicherung auf dem Arbeitsweg<\/a><\/li>\n\n\n\n<li><a href=\"https:\/\/r.mail.asscompact.at\/mk\/cl\/f\/sh\/1t6Af4OiGsDg0cDnHiBSoSGgmceef4\/hnusI5qRZFm1\" target=\"_blank\" rel=\"noreferrer noopener\">Brandschadenversicherung: OGH pr\u00fcft Verfassungsm\u00e4\u00dfigkeit der einj\u00e4hrigen Pr\u00e4klusionsfrist<\/a><\/li>\n\n\n\n<li><a href=\"https:\/\/r.mail.asscompact.at\/mk\/cl\/f\/sh\/1t6Af4OiGsDg0cDnHiBSoSGgmceef4\/lpSbh0q2SUlA\" target=\"_blank\" rel=\"noreferrer noopener\">Rechtsschutz: Kein Honorar f\u00fcr nicht gedeckte Anwaltst\u00e4tigkeit<\/a><\/li>\n\n\n\n<li><a href=\"https:\/\/r.mail.asscompact.at\/mk\/cl\/f\/sh\/1t6Af4OiGsE8LKQDg4HNyiKWARdON8\/cUDVMGcvjj2z\" target=\"_blank\" rel=\"noreferrer noopener\">Kfz-Haftpflicht: Keine Deckung f\u00fcr besch\u00e4digte Zwiebelernte beim Erntegespann<\/a><\/li>\n\n\n\n<li><a href=\"https:\/\/r.mail.asscompact.at\/mk\/cl\/f\/sh\/1t6Af4OiGsDg0cDnHiBSoSGgmceef4\/hT7p-WnN8paM\" target=\"_blank\" rel=\"noreferrer noopener\">Privathaftpflicht: Mietsachsch\u00e4den bei kurzfristiger Geb\u00e4udemiete<\/a><\/li>\n\n\n\n<li><a href=\"https:\/\/r.mail.asscompact.at\/mk\/cl\/f\/sh\/1t6Af4OiGsE8LKQDg4HNyiKWARdON8\/9T8NgcOK0K8N\" target=\"_blank\" rel=\"noreferrer noopener\">Unfallversicherung: Verschlucken beim Feuerspucken als Unfallereignis?<\/a><\/li>\n\n\n\n<li><a href=\"https:\/\/r.mail.asscompact.at\/mk\/cl\/f\/sh\/1t6Af4OiGsE8LKQDg4HNyiKWARdON8\/Ies2Xy7Ai7xj\" target=\"_blank\" rel=\"noreferrer noopener\">Krankenversicherung: Kontrahierungszwang bei Behinderung<\/a><\/li>\n<\/ul>\n<\/li>\n<\/ul>\n\n\n\n<p><\/p>\n","protected":false},"excerpt":{"rendered":"<p>Rechtsanwaltsanw\u00e4rter Publikationen<\/p>\n","protected":false},"author":1,"featured_media":0,"parent":32,"menu_order":0,"comment_status":"closed","ping_status":"closed","template":"","meta":{"footnotes":""},"class_list":["post-121","page","type-page","status-publish","hentry","missing-thumbnail"],"yoast_head":"<!-- This site is optimized with the Yoast SEO plugin v20.6 - https:\/\/yoast.com\/wordpress\/plugins\/seo\/ -->\n<title>Mag. Bernd F\u00f6ttinger - Kanzlei Dr. Erich Bern\u00f6gger<\/title>\n<meta name=\"robots\" content=\"index, follow, max-snippet:-1, max-image-preview:large, max-video-preview:-1\" \/>\n<link rel=\"canonical\" href=\"https:\/\/www.rechtsanwalt-kirchdorf.at\/?page_id=121\" \/>\n<meta property=\"og:locale\" content=\"de_DE\" \/>\n<meta property=\"og:type\" content=\"article\" \/>\n<meta property=\"og:title\" content=\"Mag. Bernd F\u00f6ttinger - Kanzlei Dr. Erich Bern\u00f6gger\" \/>\n<meta property=\"og:description\" content=\"Rechtsanwaltsanw\u00e4rter Publikationen\" \/>\n<meta property=\"og:url\" content=\"https:\/\/www.rechtsanwalt-kirchdorf.at\/?page_id=121\" \/>\n<meta property=\"og:site_name\" content=\"Kanzlei Dr. Erich Bern\u00f6gger\" \/>\n<meta property=\"article:modified_time\" content=\"2026-04-07T09:48:59+00:00\" \/>\n<meta property=\"og:image\" content=\"https:\/\/www.rechtsanwalt-kirchdorf.at\/wp-content\/uploads\/2026\/04\/unnamed-758x1024.jpg\" \/>\n<meta name=\"twitter:card\" content=\"summary_large_image\" \/>\n<meta name=\"twitter:label1\" content=\"Gesch\u00e4tzte Lesezeit\" \/>\n\t<meta name=\"twitter:data1\" content=\"2\u00a0Minuten\" \/>\n<script type=\"application\/ld+json\" class=\"yoast-schema-graph\">{\"@context\":\"https:\/\/schema.org\",\"@graph\":[{\"@type\":\"WebPage\",\"@id\":\"https:\/\/www.rechtsanwalt-kirchdorf.at\/?page_id=121\",\"url\":\"https:\/\/www.rechtsanwalt-kirchdorf.at\/?page_id=121\",\"name\":\"Mag. Bernd F\u00f6ttinger - Kanzlei Dr. Erich Bern\u00f6gger\",\"isPartOf\":{\"@id\":\"https:\/\/www.rechtsanwalt-kirchdorf.at\/#website\"},\"datePublished\":\"2026-04-07T07:18:09+00:00\",\"dateModified\":\"2026-04-07T09:48:59+00:00\",\"breadcrumb\":{\"@id\":\"https:\/\/www.rechtsanwalt-kirchdorf.at\/?page_id=121#breadcrumb\"},\"inLanguage\":\"de\",\"potentialAction\":[{\"@type\":\"ReadAction\",\"target\":[\"https:\/\/www.rechtsanwalt-kirchdorf.at\/?page_id=121\"]}]},{\"@type\":\"BreadcrumbList\",\"@id\":\"https:\/\/www.rechtsanwalt-kirchdorf.at\/?page_id=121#breadcrumb\",\"itemListElement\":[{\"@type\":\"ListItem\",\"position\":1,\"name\":\"Startseite\",\"item\":\"https:\/\/www.rechtsanwalt-kirchdorf.at\/\"},{\"@type\":\"ListItem\",\"position\":2,\"name\":\"Team\",\"item\":\"https:\/\/www.rechtsanwalt-kirchdorf.at\/\"},{\"@type\":\"ListItem\",\"position\":3,\"name\":\"Mag. Bernd F\u00f6ttinger\"}]},{\"@type\":\"WebSite\",\"@id\":\"https:\/\/www.rechtsanwalt-kirchdorf.at\/#website\",\"url\":\"https:\/\/www.rechtsanwalt-kirchdorf.at\/\",\"name\":\"Kanzlei Dr. Erich Bern\u00f6gger\",\"description\":\"Rechtsanwalt in Kirchdorf\",\"potentialAction\":[{\"@type\":\"SearchAction\",\"target\":{\"@type\":\"EntryPoint\",\"urlTemplate\":\"https:\/\/www.rechtsanwalt-kirchdorf.at\/?s={search_term_string}\"},\"query-input\":\"required name=search_term_string\"}],\"inLanguage\":\"de\"}]}<\/script>\n<!-- \/ Yoast SEO plugin. -->","yoast_head_json":{"title":"Mag. Bernd F\u00f6ttinger - Kanzlei Dr. Erich Bern\u00f6gger","robots":{"index":"index","follow":"follow","max-snippet":"max-snippet:-1","max-image-preview":"max-image-preview:large","max-video-preview":"max-video-preview:-1"},"canonical":"https:\/\/www.rechtsanwalt-kirchdorf.at\/?page_id=121","og_locale":"de_DE","og_type":"article","og_title":"Mag. Bernd F\u00f6ttinger - Kanzlei Dr. Erich Bern\u00f6gger","og_description":"Rechtsanwaltsanw\u00e4rter Publikationen","og_url":"https:\/\/www.rechtsanwalt-kirchdorf.at\/?page_id=121","og_site_name":"Kanzlei Dr. Erich Bern\u00f6gger","article_modified_time":"2026-04-07T09:48:59+00:00","og_image":[{"url":"https:\/\/www.rechtsanwalt-kirchdorf.at\/wp-content\/uploads\/2026\/04\/unnamed-758x1024.jpg"}],"twitter_card":"summary_large_image","twitter_misc":{"Gesch\u00e4tzte Lesezeit":"2\u00a0Minuten"},"schema":{"@context":"https:\/\/schema.org","@graph":[{"@type":"WebPage","@id":"https:\/\/www.rechtsanwalt-kirchdorf.at\/?page_id=121","url":"https:\/\/www.rechtsanwalt-kirchdorf.at\/?page_id=121","name":"Mag. Bernd F\u00f6ttinger - Kanzlei Dr. Erich Bern\u00f6gger","isPartOf":{"@id":"https:\/\/www.rechtsanwalt-kirchdorf.at\/#website"},"datePublished":"2026-04-07T07:18:09+00:00","dateModified":"2026-04-07T09:48:59+00:00","breadcrumb":{"@id":"https:\/\/www.rechtsanwalt-kirchdorf.at\/?page_id=121#breadcrumb"},"inLanguage":"de","potentialAction":[{"@type":"ReadAction","target":["https:\/\/www.rechtsanwalt-kirchdorf.at\/?page_id=121"]}]},{"@type":"BreadcrumbList","@id":"https:\/\/www.rechtsanwalt-kirchdorf.at\/?page_id=121#breadcrumb","itemListElement":[{"@type":"ListItem","position":1,"name":"Startseite","item":"https:\/\/www.rechtsanwalt-kirchdorf.at\/"},{"@type":"ListItem","position":2,"name":"Team","item":"https:\/\/www.rechtsanwalt-kirchdorf.at\/"},{"@type":"ListItem","position":3,"name":"Mag. Bernd F\u00f6ttinger"}]},{"@type":"WebSite","@id":"https:\/\/www.rechtsanwalt-kirchdorf.at\/#website","url":"https:\/\/www.rechtsanwalt-kirchdorf.at\/","name":"Kanzlei Dr. Erich Bern\u00f6gger","description":"Rechtsanwalt in Kirchdorf","potentialAction":[{"@type":"SearchAction","target":{"@type":"EntryPoint","urlTemplate":"https:\/\/www.rechtsanwalt-kirchdorf.at\/?s={search_term_string}"},"query-input":"required name=search_term_string"}],"inLanguage":"de"}]}},"_links":{"self":[{"href":"https:\/\/www.rechtsanwalt-kirchdorf.at\/index.php?rest_route=\/wp\/v2\/pages\/121","targetHints":{"allow":["GET"]}}],"collection":[{"href":"https:\/\/www.rechtsanwalt-kirchdorf.at\/index.php?rest_route=\/wp\/v2\/pages"}],"about":[{"href":"https:\/\/www.rechtsanwalt-kirchdorf.at\/index.php?rest_route=\/wp\/v2\/types\/page"}],"author":[{"embeddable":true,"href":"https:\/\/www.rechtsanwalt-kirchdorf.at\/index.php?rest_route=\/wp\/v2\/users\/1"}],"replies":[{"embeddable":true,"href":"https:\/\/www.rechtsanwalt-kirchdorf.at\/index.php?rest_route=%2Fwp%2Fv2%2Fcomments&post=121"}],"version-history":[{"count":8,"href":"https:\/\/www.rechtsanwalt-kirchdorf.at\/index.php?rest_route=\/wp\/v2\/pages\/121\/revisions"}],"predecessor-version":[{"id":143,"href":"https:\/\/www.rechtsanwalt-kirchdorf.at\/index.php?rest_route=\/wp\/v2\/pages\/121\/revisions\/143"}],"up":[{"embeddable":true,"href":"https:\/\/www.rechtsanwalt-kirchdorf.at\/index.php?rest_route=\/wp\/v2\/pages\/32"}],"wp:attachment":[{"href":"https:\/\/www.rechtsanwalt-kirchdorf.at\/index.php?rest_route=%2Fwp%2Fv2%2Fmedia&parent=121"}],"curies":[{"name":"wp","href":"https:\/\/api.w.org\/{rel}","templated":true}]}}